{"id":801,"date":"2018-03-07T14:28:33","date_gmt":"2018-03-07T13:28:33","guid":{"rendered":"https:\/\/new.oppold-system.de\/produkty\/"},"modified":"2025-08-14T12:02:39","modified_gmt":"2025-08-14T10:02:39","slug":"produkty","status":"publish","type":"page","link":"https:\/\/www.oppold-system.de\/pl\/produkty\/","title":{"rendered":"Produkty"},"content":{"rendered":"<div class=\"wpb-content-wrapper\"><p>[vc_row css_animation=&#8221;&#8221; row_type=&#8221;row&#8221; use_row_as_full_screen_section=&#8221;no&#8221; type=&#8221;grid&#8221; angled_section=&#8221;no&#8221; text_align=&#8221;left&#8221; background_image_as_pattern=&#8221;without_pattern&#8221; padding_top=&#8221;119&#8243; z_index=&#8221;&#8221; css=&#8221;.vc_custom_1520430983239{background-image: url(http:\/\/bridge176.qodeinteractive.com\/wp-content\/uploads\/2018\/03\/services-background-1.png?id=256) !important;background-position: center !important;background-repeat: no-repeat !important;background-size: cover !important;}&#8221;][vc_column offset=&#8221;vc_col-md-5&#8243;][qode_elements_holder number_of_columns=&#8221;one_column&#8221;][qode_elements_holder_item advanced_animations=&#8221;no&#8221; item_padding=&#8221;100px 0 0 52px&#8221; item_padding_600_768=&#8221;0px 0 0 0px&#8221; item_padding_480_600=&#8221;0px 0 50px 0px&#8221; item_padding_480=&#8221;0px 0 50px 0px&#8221;][vc_column_text css=&#8221;&#8221;]<\/p>\n<h1>Produkty<\/h1>\n<p>[\/vc_column_text][vc_empty_space height=&#8221;5px&#8221;][vc_column_text css=&#8221;&#8221;]<\/p>\n<h3>Precyzyjne, wszechstronne, trwa\u0142e.<\/h3>\n<p>[\/vc_column_text][vc_empty_space][vc_column_text css=&#8221;&#8221;]<strong>OPPOLD SYSTEM<\/strong> od dziesi\u0119cioleci opracowuje wysokiej jako\u015bci systemy narz\u0119dziowe do obr\u00f3bki CNC i stolarki \u2013 zawsze zgodnie z najnowszym stanem techniki.<br \/>\n[\/vc_column_text][\/qode_elements_holder_item][\/qode_elements_holder][\/vc_column][vc_column offset=&#8221;vc_col-md-7&#8243;][qode_elements_holder number_of_columns=&#8221;one_column&#8221;][qode_elements_holder_item advanced_animations=&#8221;no&#8221; item_padding=&#8221;0 0 0 183px&#8221; item_padding_600_768=&#8221;0px 0 0 0px&#8221; item_padding_480_600=&#8221;0px 0 0 0px&#8221; item_padding_480=&#8221;0px 0 0 0px&#8221;][vc_single_image image=&#8221;621&#8243; img_size=&#8221;full&#8221; css=&#8221;&#8221; qode_css_animation=&#8221;&#8221;][\/qode_elements_holder_item][\/qode_elements_holder][\/vc_column][\/vc_row][vc_row css_animation=&#8221;&#8221; row_type=&#8221;row&#8221; use_row_as_full_screen_section=&#8221;no&#8221; type=&#8221;grid&#8221; angled_section=&#8221;no&#8221; text_align=&#8221;left&#8221; background_image_as_pattern=&#8221;without_pattern&#8221; z_index=&#8221;2&#8243; css=&#8221;.vc_custom_1755154338147{background-color: #1a1b23 !important;background-position: center !important;background-repeat: no-repeat !important;background-size: cover !important;}&#8221; padding_top=&#8221;48&#8243; padding_bottom=&#8221;56&#8243;][vc_column][qode_elements_holder number_of_columns=&#8221;two_columns&#8221;][qode_elements_holder_item advanced_animations=&#8221;no&#8221; item_padding=&#8221;15% 15% 15% 15%&#8221;][vc_column_text css=&#8221;&#8221;]<\/p>\n<h2><span style=\"color: #ffffff;\">Narz\u0119dzia frezarskie<\/span><\/h2>\n<p>[\/vc_column_text][vc_column_text css=&#8221;&#8221;]<\/p>\n<h5>Dok\u0142adno\u015b\u0107 ci\u0119cia i r\u00f3\u017cnorodno\u015b\u0107<\/h5>\n<p>[\/vc_column_text][vc_empty_space][vc_column_text css=&#8221;&#8221;]Do precyzyjnej obr\u00f3bki, profilowania i techniki \u0142\u0105czenia.[\/vc_column_text][vc_empty_space height=&#8221;15px&#8221;]<div class=\"q_list circle animate_list\">\n\t<\/p>\n<ul>\n<li><span style=\"color: #ffffff\">Narz\u0119dzia do frezowania rowk\u00f3w (frezy Lamello, frezy do rowk\u00f3w, frezy regulowane, frezy tarczowe)<\/span><\/li>\n<li><span style=\"color: #ffffff\">Narz\u0119dzia do \u0142\u0105czenia, fazowania i felcowania (g\u0142owica z no\u017cami do felcowania, g\u0142owica obrotowa, g\u0142owica PSR do felcowania, profesjonalny profiler)<\/span><\/li>\n<li><span style=\"color: #ffffff\">Frezy do klejenia (frezy trapezowe do klejenia, g\u0142owica z no\u017cami do klejenia pod k\u0105tem)<\/span><\/li>\n<li><span style=\"color: #ffffff\">Frezy do frezowania paneli (wymienne frezy do paneli, frezy profilowe do paneli)<\/span><\/li>\n<li><span style=\"color: #ffffff\">Frezy kontrprofilowe (systemy frez\u00f3w profilowych i kontrprofilowych)<\/span><\/li>\n<li><span style=\"color: #ffffff\">Frezy zaokr\u0105glaj\u0105ce, wkl\u0119s\u0142e i profilowe (frezy do profili kraw\u0119dziowych, frezy \u0107wier\u0107wa\u0142kowe i p\u00f3\u0142wa\u0142kowe, frezy do kraw\u0119dzi z przek\u0142adni\u0105)<\/span><\/li>\n<\/ul>\n<p><\/div>[\/qode_elements_holder_item][qode_elements_holder_item advanced_animations=&#8221;no&#8221;][vc_single_image image=&#8221;659&#8243; img_size=&#8221;800&#215;520&#8243; css=&#8221;&#8221; qode_css_animation=&#8221;&#8221;][\/qode_elements_holder_item][\/qode_elements_holder][\/vc_column][\/vc_row][vc_row css_animation=&#8221;&#8221; row_type=&#8221;row&#8221; use_row_as_full_screen_section=&#8221;no&#8221; type=&#8221;grid&#8221; angled_section=&#8221;no&#8221; text_align=&#8221;left&#8221; background_image_as_pattern=&#8221;without_pattern&#8221; z_index=&#8221;&#8221; css=&#8221;.vc_custom_1755150797755{background-color: #1a1b23 !important;background-position: center !important;background-repeat: no-repeat !important;background-size: cover !important;}&#8221; padding_bottom=&#8221;50&#8243;][vc_column][qode_elements_holder number_of_columns=&#8221;two_columns&#8221;][qode_elements_holder_item advanced_animations=&#8221;no&#8221;][vc_single_image image=&#8221;660&#8243; img_size=&#8221;800&#215;520&#8243; css=&#8221;&#8221; qode_css_animation=&#8221;&#8221;][\/qode_elements_holder_item][qode_elements_holder_item advanced_animations=&#8221;no&#8221; item_padding=&#8221;15% 15% 15% 15%&#8221;][vc_column_text css=&#8221;&#8221;]<\/p>\n<h2><span style=\"color: #ffffff;\">Technika strugania i profilowania<\/span><\/h2>\n<p>[\/vc_column_text][vc_column_text css=&#8221;&#8221;]<\/p>\n<h5>Powierzchnia i kszta\u0142t<\/h5>\n<p>[\/vc_column_text][vc_empty_space][vc_column_text css=&#8221;&#8221;]Dla perfekcyjnych powierzchni i elastycznego kszta\u0142towania profili.[\/vc_column_text][vc_empty_space height=&#8221;15px&#8221;]<div class=\"q_list circle animate_list\">\n\t<\/p>\n<ul>\n<li><span style=\"color: #ffffff\">Narz\u0119dzia strugarskie (g\u0142owica strugarska warstwowa, g\u0142owica spiralna, g\u0142owica strugarska Enshin)<\/span><\/li>\n<li><span style=\"color: #ffffff\">Uniwersalna g\u0142owica profilowa 40\/50 mm (no\u017ce profilowe specjalne HW\/HS, profile standardowe SP i HS)<\/span><\/li>\n<li><span style=\"color: #ffffff\">Uniwersalna g\u0142owica profilowa 60\/80 mm (no\u017ce profilowe specjalne HS, profile standardowe SP i HS)<\/span><\/li>\n<li><span style=\"color: #ffffff\">Profilowe narz\u0119dzia z tylnym uz\u0119bieniem (g\u0142owice z no\u017cami, no\u017ce profilowe specjalne)<\/span><\/li>\n<\/ul>\n<p><\/div>[\/qode_elements_holder_item][\/qode_elements_holder][\/vc_column][\/vc_row][vc_row css_animation=&#8221;&#8221; row_type=&#8221;row&#8221; use_row_as_full_screen_section=&#8221;no&#8221; type=&#8221;grid&#8221; angled_section=&#8221;no&#8221; text_align=&#8221;left&#8221; background_image_as_pattern=&#8221;without_pattern&#8221; z_index=&#8221;&#8221; css=&#8221;.vc_custom_1755150743151{background-color: #1a1b23 !important;background-position: center !important;background-repeat: no-repeat !important;background-size: cover !important;}&#8221; padding_top=&#8221;50&#8243; padding_bottom=&#8221;50&#8243;][vc_column][qode_elements_holder number_of_columns=&#8221;two_columns&#8221;][qode_elements_holder_item advanced_animations=&#8221;no&#8221; item_padding=&#8221;15% 15% 15% 15%&#8221;][vc_column_text css=&#8221;&#8221;]<\/p>\n<h2><span style=\"color: #ffffff;\">Systemy drzwi i okien<\/span><\/h2>\n<p>[\/vc_column_text][vc_column_text css=&#8221;&#8221;]<\/p>\n<h5>Dok\u0142adne dopasowanie i stabilno\u015b\u0107<\/h5>\n<p>[\/vc_column_text][vc_empty_space][vc_column_text css=&#8221;&#8221;]Specjalne narz\u0119dzia do produkcji wysokiej jako\u015bci okien i drzwi.[\/vc_column_text][vc_empty_space height=&#8221;15px&#8221;]<div class=\"q_list circle animate_list\">\n\t<\/p>\n<ul>\n<li><span style=\"color: #ffffff\">Narz\u0119dzie kombinowane do drzwi wej\u015bciowych<\/span><\/li>\n<li><span style=\"color: #ffffff\">Narz\u0119dzie do system\u00f3w podnoszono-przesuwnych<\/span><\/li>\n<li><span style=\"color: #ffffff\">Narz\u0119dzie do listew przyszybowych G-Fix<\/span><\/li>\n<\/ul>\n<p><\/div>[\/qode_elements_holder_item][qode_elements_holder_item advanced_animations=&#8221;no&#8221;][vc_single_image image=&#8221;658&#8243; img_size=&#8221;800&#215;520&#8243; css=&#8221;&#8221; qode_css_animation=&#8221;&#8221;][\/qode_elements_holder_item][\/qode_elements_holder][\/vc_column][\/vc_row][vc_row css_animation=&#8221;&#8221; row_type=&#8221;row&#8221; use_row_as_full_screen_section=&#8221;no&#8221; type=&#8221;grid&#8221; angled_section=&#8221;no&#8221; text_align=&#8221;left&#8221; background_image_as_pattern=&#8221;without_pattern&#8221; z_index=&#8221;&#8221; css=&#8221;.vc_custom_1755150758900{background-color: #1a1b23 !important;background-position: center !important;background-repeat: no-repeat !important;background-size: cover !important;}&#8221; padding_top=&#8221;50&#8243; padding_bottom=&#8221;50&#8243;][vc_column][qode_elements_holder number_of_columns=&#8221;two_columns&#8221;][qode_elements_holder_item advanced_animations=&#8221;no&#8221;][vc_single_image image=&#8221;656&#8243; img_size=&#8221;800&#215;520&#8243; css=&#8221;&#8221; qode_css_animation=&#8221;&#8221;][\/qode_elements_holder_item][qode_elements_holder_item advanced_animations=&#8221;no&#8221; item_padding=&#8221;15% 15% 15% 15%&#8221;][vc_column_text css=&#8221;&#8221;]<\/p>\n<h2><span style=\"color: #ffffff;\">Akcesoria i technika dodatkowa<\/span><\/h2>\n<p>[\/vc_column_text][vc_column_text css=&#8221;&#8221;]<\/p>\n<h5>Uzupe\u0142nienie i precyzja<\/h5>\n<p>[\/vc_column_text][vc_empty_space][vc_column_text css=&#8221;&#8221;]Wszystko do precyzyjnej pracy i p\u0142ynnych proces\u00f3w.[\/vc_column_text][vc_empty_space height=&#8221;15px&#8221;]<div class=\"q_list circle animate_list\">\n\t<\/p>\n<ul>\n<li><span style=\"color: #ffffff\">Pier\u015bcienie dystansowe<\/span><\/li>\n<li><span style=\"color: #ffffff\">Pier\u015bcienie regulacyjne<\/span><\/li>\n<li><span style=\"color: #ffffff\">\u015aruby<\/span><\/li>\n<li><span style=\"color: #ffffff\">Narz\u0119dzia<\/span><\/li>\n<li><span style=\"color: #ffffff\">Systemy czyszcz\u0105ce<\/span><\/li>\n<\/ul>\n<p><\/div>[\/qode_elements_holder_item][\/qode_elements_holder][\/vc_column][\/vc_row]<\/p>\n<\/div>","protected":false},"excerpt":{"rendered":"<p>[vc_row css_animation=&#8221;&#8221; row_type=&#8221;row&#8221; use_row_as_full_screen_section=&#8221;no&#8221; type=&#8221;grid&#8221; angled_section=&#8221;no&#8221; text_align=&#8221;left&#8221; background_image_as_pattern=&#8221;without_pattern&#8221; padding_top=&#8221;119&#8243; z_index=&#8221;&#8221; css=&#8221;.vc_custom_1520430983239{background-image: url(http:\/\/bridge176.qodeinteractive.com\/wp-content\/uploads\/2018\/03\/services-background-1.png?id=256) !important;background-position: center !important;background-repeat: no-repeat !important;background-size: cover !important;}&#8221;][vc_column offset=&#8221;vc_col-md-5&#8243;][qode_elements_holder number_of_columns=&#8221;one_column&#8221;][qode_elements_holder_item advanced_animations=&#8221;no&#8221; item_padding=&#8221;100px 0 0 52px&#8221; item_padding_600_768=&#8221;0px 0 0 0px&#8221; item_padding_480_600=&#8221;0px 0 50px 0px&#8221; item_padding_480=&#8221;0px 0 50px 0px&#8221;][vc_column_text css=&#8221;&#8221;] Produkty [\/vc_column_text][vc_empty_space height=&#8221;5px&#8221;][vc_column_text css=&#8221;&#8221;] Precyzyjne, wszechstronne,&#8230;<\/p>\n","protected":false},"author":1,"featured_media":0,"parent":0,"menu_order":0,"comment_status":"closed","ping_status":"closed","template":"full_width.php","meta":{"footnotes":""},"class_list":["post-801","page","type-page","status-publish","hentry"],"_links":{"self":[{"href":"https:\/\/www.oppold-system.de\/pl\/wp-json\/wp\/v2\/pages\/801","targetHints":{"allow":["GET"]}}],"collection":[{"href":"https:\/\/www.oppold-system.de\/pl\/wp-json\/wp\/v2\/pages"}],"about":[{"href":"https:\/\/www.oppold-system.de\/pl\/wp-json\/wp\/v2\/types\/page"}],"author":[{"embeddable":true,"href":"https:\/\/www.oppold-system.de\/pl\/wp-json\/wp\/v2\/users\/1"}],"replies":[{"embeddable":true,"href":"https:\/\/www.oppold-system.de\/pl\/wp-json\/wp\/v2\/comments?post=801"}],"version-history":[{"count":2,"href":"https:\/\/www.oppold-system.de\/pl\/wp-json\/wp\/v2\/pages\/801\/revisions"}],"predecessor-version":[{"id":811,"href":"https:\/\/www.oppold-system.de\/pl\/wp-json\/wp\/v2\/pages\/801\/revisions\/811"}],"wp:attachment":[{"href":"https:\/\/www.oppold-system.de\/pl\/wp-json\/wp\/v2\/media?parent=801"}],"curies":[{"name":"wp","href":"https:\/\/api.w.org\/{rel}","templated":true}]}}